{"id":174,"date":"2022-06-19T10:56:58","date_gmt":"2022-06-19T10:56:58","guid":{"rendered":"https:\/\/www.bueffelridge.at\/?page_id=174"},"modified":"2022-07-25T15:53:10","modified_gmt":"2022-07-25T15:53:10","slug":"zaituni","status":"publish","type":"page","link":"https:\/\/www.bueffelridge.at\/?page_id=174","title":{"rendered":"Zaituni"},"content":{"rendered":"\n<h3 class=\"has-text-align-center wp-block-heading\">Zaituni Lakota L\u00f6wenschwanz<\/h3>\n\n\n\n<p class=\"has-text-align-center\"><\/p>\n\n\n\n<p class=\"has-text-align-center\"><strong>Multi Ch. Manzili Maliik Slunce Zivota  x Rhianna Lakota L\u00f6wenschwanz<\/strong><\/p>\n\n\n\n<p class=\"has-text-align-center\">Co-ownership: Karin Lichtenauer   <a href=\"https:\/\/hemashellhounds.at\/\">https:\/\/hemashellhounds.at\/<\/a><\/p>\n\n\n\n<figure class=\"wp-block-image size-full\"><img loading=\"lazy\" decoding=\"async\" width=\"1000\" height=\"690\" src=\"https:\/\/www.bueffelridge.at\/wp-content\/uploads\/2022\/06\/IMG_2690.jpg\" alt=\"\" class=\"wp-image-178\" srcset=\"https:\/\/www.bueffelridge.at\/wp-content\/uploads\/2022\/06\/IMG_2690.jpg 1000w, https:\/\/www.bueffelridge.at\/wp-content\/uploads\/2022\/06\/IMG_2690-300x207.jpg 300w, https:\/\/www.bueffelridge.at\/wp-content\/uploads\/2022\/06\/IMG_2690-768x530.jpg 768w\" sizes=\"auto, (max-width: 1000px) 100vw, 1000px\" \/><\/figure>\n\n\n\n<p class=\"has-text-align-center\">dob 30.03.2022<br>Gr\u00f6\u00dfe ?? cm<br>Gewicht:\u00a0 \u00a0?? kg<\/p>\n\n\n\n<p class=\"has-text-align-center\">Hungarian Minor Puppy Grand Winner<br><\/p>\n\n\n\n<p><\/p>\n\n\n\n<p class=\"has-text-align-center\">Z\u00fcchterin: L\u00edvia Lakotov\u00e1&nbsp;    <a href=\"http:\/\/www.loewenschwanz.sk\/\">http:\/\/www.loewenschwanz.sk\/<\/a><\/p>\n","protected":false},"excerpt":{"rendered":"<p>Zaituni Lakota L\u00f6wenschwanz Multi Ch. Manzili Maliik Slunce Zivota x Rhianna Lakota L\u00f6wenschwanz Co-ownership: Karin Lichtenauer https:\/\/hemashellhounds.at\/ dob 30.03.2022Gr\u00f6\u00dfe ?? cmGewicht:\u00a0 \u00a0?? kg Hungarian Minor Puppy Grand Winner Z\u00fcchterin: L\u00edvia Lakotov\u00e1&nbsp; http:\/\/www.loewenschwanz.sk\/<\/p>\n","protected":false},"author":2,"featured_media":0,"parent":0,"menu_order":0,"comment_status":"closed","ping_status":"closed","template":"","meta":{"_monsterinsights_skip_tracking":false,"_monsterinsights_sitenote_active":false,"_monsterinsights_sitenote_note":"","_monsterinsights_sitenote_category":0,"footnotes":""},"class_list":["post-174","page","type-page","status-publish","hentry"],"yoast_head":"<!-- This site is optimized with the Yoast SEO plugin v27.5 - https:\/\/yoast.com\/product\/yoast-seo-wordpress\/ -->\n<title>Zaituni - bueffelridge.at<\/title>\n<meta name=\"description\" content=\"Rhodesian Ridgeback H\u00fcndin Zaituni Lakota L\u00f6wenschwanz - new rising star\" \/>\n<meta name=\"robots\" content=\"index, follow, max-snippet:-1, max-image-preview:large, max-video-preview:-1\" \/>\n<link rel=\"canonical\" href=\"https:\/\/www.bueffelridge.at\/?page_id=174\" \/>\n<meta property=\"og:locale\" content=\"de_DE\" \/>\n<meta property=\"og:type\" content=\"article\" \/>\n<meta property=\"og:title\" content=\"Zaituni - bueffelridge.at\" \/>\n<meta property=\"og:description\" content=\"Rhodesian Ridgeback H\u00fcndin Zaituni Lakota L\u00f6wenschwanz - new rising star\" \/>\n<meta property=\"og:url\" content=\"https:\/\/www.bueffelridge.at\/?page_id=174\" \/>\n<meta property=\"og:site_name\" content=\"bueffelridge.at\" \/>\n<meta property=\"article:modified_time\" content=\"2022-07-25T15:53:10+00:00\" \/>\n<meta property=\"og:image\" content=\"https:\/\/www.bueffelridge.at\/wp-content\/uploads\/2022\/06\/IMG_2690.jpg\" \/>\n<meta name=\"twitter:card\" content=\"summary_large_image\" \/>\n<meta name=\"twitter:label1\" content=\"Gesch\u00e4tzte Lesezeit\" \/>\n\t<meta name=\"twitter:data1\" content=\"1\u00a0Minute\" \/>\n<script type=\"application\/ld+json\" class=\"yoast-schema-graph\">{\"@context\":\"https:\\\/\\\/schema.org\",\"@graph\":[{\"@type\":\"WebPage\",\"@id\":\"https:\\\/\\\/www.bueffelridge.at\\\/?page_id=174\",\"url\":\"https:\\\/\\\/www.bueffelridge.at\\\/?page_id=174\",\"name\":\"Zaituni - bueffelridge.at\",\"isPartOf\":{\"@id\":\"https:\\\/\\\/www.bueffelridge.at\\\/#website\"},\"primaryImageOfPage\":{\"@id\":\"https:\\\/\\\/www.bueffelridge.at\\\/?page_id=174#primaryimage\"},\"image\":{\"@id\":\"https:\\\/\\\/www.bueffelridge.at\\\/?page_id=174#primaryimage\"},\"thumbnailUrl\":\"https:\\\/\\\/www.bueffelridge.at\\\/wp-content\\\/uploads\\\/2022\\\/06\\\/IMG_2690.jpg\",\"datePublished\":\"2022-06-19T10:56:58+00:00\",\"dateModified\":\"2022-07-25T15:53:10+00:00\",\"description\":\"Rhodesian Ridgeback H\u00fcndin Zaituni Lakota L\u00f6wenschwanz - new rising star\",\"breadcrumb\":{\"@id\":\"https:\\\/\\\/www.bueffelridge.at\\\/?page_id=174#breadcrumb\"},\"inLanguage\":\"de\",\"potentialAction\":[{\"@type\":\"ReadAction\",\"target\":[\"https:\\\/\\\/www.bueffelridge.at\\\/?page_id=174\"]}]},{\"@type\":\"ImageObject\",\"inLanguage\":\"de\",\"@id\":\"https:\\\/\\\/www.bueffelridge.at\\\/?page_id=174#primaryimage\",\"url\":\"https:\\\/\\\/www.bueffelridge.at\\\/wp-content\\\/uploads\\\/2022\\\/06\\\/IMG_2690.jpg\",\"contentUrl\":\"https:\\\/\\\/www.bueffelridge.at\\\/wp-content\\\/uploads\\\/2022\\\/06\\\/IMG_2690.jpg\",\"width\":1000,\"height\":690},{\"@type\":\"BreadcrumbList\",\"@id\":\"https:\\\/\\\/www.bueffelridge.at\\\/?page_id=174#breadcrumb\",\"itemListElement\":[{\"@type\":\"ListItem\",\"position\":1,\"name\":\"Startseite\",\"item\":\"https:\\\/\\\/www.bueffelridge.at\\\/\"},{\"@type\":\"ListItem\",\"position\":2,\"name\":\"Zaituni\"}]},{\"@type\":\"WebSite\",\"@id\":\"https:\\\/\\\/www.bueffelridge.at\\\/#website\",\"url\":\"https:\\\/\\\/www.bueffelridge.at\\\/\",\"name\":\"bueffelridge.at\",\"description\":\"Willkommen im buffeljagsrivier\",\"potentialAction\":[{\"@type\":\"SearchAction\",\"target\":{\"@type\":\"EntryPoint\",\"urlTemplate\":\"https:\\\/\\\/www.bueffelridge.at\\\/?s={search_term_string}\"},\"query-input\":{\"@type\":\"PropertyValueSpecification\",\"valueRequired\":true,\"valueName\":\"search_term_string\"}}],\"inLanguage\":\"de\"}]}<\/script>\n<!-- \/ Yoast SEO plugin. -->","yoast_head_json":{"title":"Zaituni - bueffelridge.at","description":"Rhodesian Ridgeback H\u00fcndin Zaituni Lakota L\u00f6wenschwanz - new rising star","robots":{"index":"index","follow":"follow","max-snippet":"max-snippet:-1","max-image-preview":"max-image-preview:large","max-video-preview":"max-video-preview:-1"},"canonical":"https:\/\/www.bueffelridge.at\/?page_id=174","og_locale":"de_DE","og_type":"article","og_title":"Zaituni - bueffelridge.at","og_description":"Rhodesian Ridgeback H\u00fcndin Zaituni Lakota L\u00f6wenschwanz - new rising star","og_url":"https:\/\/www.bueffelridge.at\/?page_id=174","og_site_name":"bueffelridge.at","article_modified_time":"2022-07-25T15:53:10+00:00","og_image":[{"url":"https:\/\/www.bueffelridge.at\/wp-content\/uploads\/2022\/06\/IMG_2690.jpg","type":"","width":"","height":""}],"twitter_card":"summary_large_image","twitter_misc":{"Gesch\u00e4tzte Lesezeit":"1\u00a0Minute"},"schema":{"@context":"https:\/\/schema.org","@graph":[{"@type":"WebPage","@id":"https:\/\/www.bueffelridge.at\/?page_id=174","url":"https:\/\/www.bueffelridge.at\/?page_id=174","name":"Zaituni - bueffelridge.at","isPartOf":{"@id":"https:\/\/www.bueffelridge.at\/#website"},"primaryImageOfPage":{"@id":"https:\/\/www.bueffelridge.at\/?page_id=174#primaryimage"},"image":{"@id":"https:\/\/www.bueffelridge.at\/?page_id=174#primaryimage"},"thumbnailUrl":"https:\/\/www.bueffelridge.at\/wp-content\/uploads\/2022\/06\/IMG_2690.jpg","datePublished":"2022-06-19T10:56:58+00:00","dateModified":"2022-07-25T15:53:10+00:00","description":"Rhodesian Ridgeback H\u00fcndin Zaituni Lakota L\u00f6wenschwanz - new rising star","breadcrumb":{"@id":"https:\/\/www.bueffelridge.at\/?page_id=174#breadcrumb"},"inLanguage":"de","potentialAction":[{"@type":"ReadAction","target":["https:\/\/www.bueffelridge.at\/?page_id=174"]}]},{"@type":"ImageObject","inLanguage":"de","@id":"https:\/\/www.bueffelridge.at\/?page_id=174#primaryimage","url":"https:\/\/www.bueffelridge.at\/wp-content\/uploads\/2022\/06\/IMG_2690.jpg","contentUrl":"https:\/\/www.bueffelridge.at\/wp-content\/uploads\/2022\/06\/IMG_2690.jpg","width":1000,"height":690},{"@type":"BreadcrumbList","@id":"https:\/\/www.bueffelridge.at\/?page_id=174#breadcrumb","itemListElement":[{"@type":"ListItem","position":1,"name":"Startseite","item":"https:\/\/www.bueffelridge.at\/"},{"@type":"ListItem","position":2,"name":"Zaituni"}]},{"@type":"WebSite","@id":"https:\/\/www.bueffelridge.at\/#website","url":"https:\/\/www.bueffelridge.at\/","name":"bueffelridge.at","description":"Willkommen im buffeljagsrivier","potentialAction":[{"@type":"SearchAction","target":{"@type":"EntryPoint","urlTemplate":"https:\/\/www.bueffelridge.at\/?s={search_term_string}"},"query-input":{"@type":"PropertyValueSpecification","valueRequired":true,"valueName":"search_term_string"}}],"inLanguage":"de"}]}},"_links":{"self":[{"href":"https:\/\/www.bueffelridge.at\/index.php?rest_route=\/wp\/v2\/pages\/174","targetHints":{"allow":["GET"]}}],"collection":[{"href":"https:\/\/www.bueffelridge.at\/index.php?rest_route=\/wp\/v2\/pages"}],"about":[{"href":"https:\/\/www.bueffelridge.at\/index.php?rest_route=\/wp\/v2\/types\/page"}],"author":[{"embeddable":true,"href":"https:\/\/www.bueffelridge.at\/index.php?rest_route=\/wp\/v2\/users\/2"}],"replies":[{"embeddable":true,"href":"https:\/\/www.bueffelridge.at\/index.php?rest_route=%2Fwp%2Fv2%2Fcomments&post=174"}],"version-history":[{"count":4,"href":"https:\/\/www.bueffelridge.at\/index.php?rest_route=\/wp\/v2\/pages\/174\/revisions"}],"predecessor-version":[{"id":198,"href":"https:\/\/www.bueffelridge.at\/index.php?rest_route=\/wp\/v2\/pages\/174\/revisions\/198"}],"wp:attachment":[{"href":"https:\/\/www.bueffelridge.at\/index.php?rest_route=%2Fwp%2Fv2%2Fmedia&parent=174"}],"curies":[{"name":"wp","href":"https:\/\/api.w.org\/{rel}","templated":true}]}}