{"id":100,"date":"2021-01-06T17:24:58","date_gmt":"2021-01-06T17:24:58","guid":{"rendered":"https:\/\/www.bueffelridge.at\/?page_id=100"},"modified":"2021-01-06T17:24:59","modified_gmt":"2021-01-06T17:24:59","slug":"kontakt-impressum","status":"publish","type":"page","link":"https:\/\/www.bueffelridge.at\/?page_id=100","title":{"rendered":"Kontakt &#038; Impressum"},"content":{"rendered":"\n<p>Eva-Maria Wimmer<br>2322 Zw\u00f6lfaxing<br>+436644010870<br><a href=\"mailto:eva.wimmer@kabelnet.at\">eva.wimmer@kabelnet.at<\/a><br><a href=\"http:\/\/www.bueffelridge.at\/\">www.bueffelridge.at<\/a><\/p>\n\n\n\n<p><\/p>\n\n\n\n<p><\/p>\n\n\n\n<p>Impressum <\/p>\n\n\n\n<p><strong>Copyright<\/strong><br>Das Layout der Homepage, die verwendeten Grafiken und Bilder, die Sammlung sowie einzelnen Beitr\u00e4ge sind urheberrechtlich gesch\u00fctzt. Alle Rechte, auch die der fotomechanischen Wiedergabe, der Vervielf\u00e4ltigung und der Verbreitung, auch teilweise, ist untersagt.<\/p>\n\n\n\n<p><strong>Externe Verweise und Links<\/strong><br>F\u00fcr alle Links gilt: Der Inhaber von \u201eka-ul-lis-ridges.com\u201c hat keinen Einfluss auf Gestaltung und Inhalt fremder Internetseiten. Eine Haftung f\u00fcr die verlinkten Seiten wird daher ausgeschlossen. Diese Erkl\u00e4rung gilt f\u00fcr alle auf dieser Homepage angezeigten Links und f\u00fcr alle Inhalte der Seiten, zu denen die Links f\u00fchren.<\/p>\n\n\n\n<p><strong>Datenschutz<\/strong><br>Sofern innerhalb dieser Seiten die M\u00f6glichkeit der Eingabe von pers\u00f6nlichen Daten (E-Mailadresse, Name, Anschrift) besteht, erfolgt diese freiwillig. Der Inhaber dieser Seiten erkl\u00e4rt ausdr\u00fccklich, dass diese Daten nicht an Dritte weitergegeben werden.<\/p>\n\n\n\n<p><strong>Rechtswirksamkeit<\/strong><br>Sofern einzelne Formulierungen oder Teile dieses Textes der geltenden Rechtslage nicht mehr oder nicht mehr vollst\u00e4ndig entsprechen, bleiben die \u00fcbrigen Teile dieser Erkl\u00e4rung davon unber\u00fchrt.<\/p>\n\n\n\n<p><\/p>\n","protected":false},"excerpt":{"rendered":"<p>Eva-Maria Wimmer2322 Zw\u00f6lfaxing+436644010870eva.wimmer@kabelnet.atwww.bueffelridge.at Impressum CopyrightDas Layout der Homepage, die verwendeten Grafiken und Bilder, die Sammlung sowie einzelnen Beitr\u00e4ge sind urheberrechtlich gesch\u00fctzt. Alle Rechte, auch die der fotomechanischen Wiedergabe, der Vervielf\u00e4ltigung und der Verbreitung, auch teilweise, ist untersagt. Externe Verweise und LinksF\u00fcr alle Links gilt: Der Inhaber von \u201eka-ul-lis-ridges.com\u201c hat keinen Einfluss auf Gestaltung und Inhalt [&hellip;]<\/p>\n","protected":false},"author":2,"featured_media":0,"parent":0,"menu_order":0,"comment_status":"closed","ping_status":"closed","template":"","meta":{"_monsterinsights_skip_tracking":false,"_monsterinsights_sitenote_active":false,"_monsterinsights_sitenote_note":"","_monsterinsights_sitenote_category":0,"footnotes":""},"class_list":["post-100","page","type-page","status-publish","hentry"],"yoast_head":"<!-- This site is optimized with the Yoast SEO plugin v27.4 - https:\/\/yoast.com\/product\/yoast-seo-wordpress\/ -->\n<title>Kontakt &amp; Impressum - bueffelridge.at<\/title>\n<meta name=\"robots\" content=\"index, follow, max-snippet:-1, max-image-preview:large, max-video-preview:-1\" \/>\n<link rel=\"canonical\" href=\"https:\/\/www.bueffelridge.at\/?page_id=100\" \/>\n<meta property=\"og:locale\" content=\"de_DE\" \/>\n<meta property=\"og:type\" content=\"article\" \/>\n<meta property=\"og:title\" content=\"Kontakt &amp; Impressum - bueffelridge.at\" \/>\n<meta property=\"og:description\" content=\"Eva-Maria Wimmer2322 Zw\u00f6lfaxing+436644010870eva.wimmer@kabelnet.atwww.bueffelridge.at Impressum CopyrightDas Layout der Homepage, die verwendeten Grafiken und Bilder, die Sammlung sowie einzelnen Beitr\u00e4ge sind urheberrechtlich gesch\u00fctzt. Alle Rechte, auch die der fotomechanischen Wiedergabe, der Vervielf\u00e4ltigung und der Verbreitung, auch teilweise, ist untersagt. Externe Verweise und LinksF\u00fcr alle Links gilt: Der Inhaber von \u201eka-ul-lis-ridges.com\u201c hat keinen Einfluss auf Gestaltung und Inhalt [&hellip;]\" \/>\n<meta property=\"og:url\" content=\"https:\/\/www.bueffelridge.at\/?page_id=100\" \/>\n<meta property=\"og:site_name\" content=\"bueffelridge.at\" \/>\n<meta property=\"article:modified_time\" content=\"2021-01-06T17:24:59+00:00\" \/>\n<meta name=\"twitter:card\" content=\"summary_large_image\" \/>\n<meta name=\"twitter:label1\" content=\"Gesch\u00e4tzte Lesezeit\" \/>\n\t<meta name=\"twitter:data1\" content=\"1\u00a0Minute\" \/>\n<script type=\"application\/ld+json\" class=\"yoast-schema-graph\">{\"@context\":\"https:\\\/\\\/schema.org\",\"@graph\":[{\"@type\":\"WebPage\",\"@id\":\"https:\\\/\\\/www.bueffelridge.at\\\/?page_id=100\",\"url\":\"https:\\\/\\\/www.bueffelridge.at\\\/?page_id=100\",\"name\":\"Kontakt & Impressum - bueffelridge.at\",\"isPartOf\":{\"@id\":\"https:\\\/\\\/www.bueffelridge.at\\\/#website\"},\"datePublished\":\"2021-01-06T17:24:58+00:00\",\"dateModified\":\"2021-01-06T17:24:59+00:00\",\"breadcrumb\":{\"@id\":\"https:\\\/\\\/www.bueffelridge.at\\\/?page_id=100#breadcrumb\"},\"inLanguage\":\"de\",\"potentialAction\":[{\"@type\":\"ReadAction\",\"target\":[\"https:\\\/\\\/www.bueffelridge.at\\\/?page_id=100\"]}]},{\"@type\":\"BreadcrumbList\",\"@id\":\"https:\\\/\\\/www.bueffelridge.at\\\/?page_id=100#breadcrumb\",\"itemListElement\":[{\"@type\":\"ListItem\",\"position\":1,\"name\":\"Startseite\",\"item\":\"https:\\\/\\\/www.bueffelridge.at\\\/\"},{\"@type\":\"ListItem\",\"position\":2,\"name\":\"Kontakt &#038; Impressum\"}]},{\"@type\":\"WebSite\",\"@id\":\"https:\\\/\\\/www.bueffelridge.at\\\/#website\",\"url\":\"https:\\\/\\\/www.bueffelridge.at\\\/\",\"name\":\"bueffelridge.at\",\"description\":\"Willkommen im buffeljagsrivier\",\"potentialAction\":[{\"@type\":\"SearchAction\",\"target\":{\"@type\":\"EntryPoint\",\"urlTemplate\":\"https:\\\/\\\/www.bueffelridge.at\\\/?s={search_term_string}\"},\"query-input\":{\"@type\":\"PropertyValueSpecification\",\"valueRequired\":true,\"valueName\":\"search_term_string\"}}],\"inLanguage\":\"de\"}]}<\/script>\n<!-- \/ Yoast SEO plugin. -->","yoast_head_json":{"title":"Kontakt & Impressum - bueffelridge.at","robots":{"index":"index","follow":"follow","max-snippet":"max-snippet:-1","max-image-preview":"max-image-preview:large","max-video-preview":"max-video-preview:-1"},"canonical":"https:\/\/www.bueffelridge.at\/?page_id=100","og_locale":"de_DE","og_type":"article","og_title":"Kontakt & Impressum - bueffelridge.at","og_description":"Eva-Maria Wimmer2322 Zw\u00f6lfaxing+436644010870eva.wimmer@kabelnet.atwww.bueffelridge.at Impressum CopyrightDas Layout der Homepage, die verwendeten Grafiken und Bilder, die Sammlung sowie einzelnen Beitr\u00e4ge sind urheberrechtlich gesch\u00fctzt. Alle Rechte, auch die der fotomechanischen Wiedergabe, der Vervielf\u00e4ltigung und der Verbreitung, auch teilweise, ist untersagt. Externe Verweise und LinksF\u00fcr alle Links gilt: Der Inhaber von \u201eka-ul-lis-ridges.com\u201c hat keinen Einfluss auf Gestaltung und Inhalt [&hellip;]","og_url":"https:\/\/www.bueffelridge.at\/?page_id=100","og_site_name":"bueffelridge.at","article_modified_time":"2021-01-06T17:24:59+00:00","twitter_card":"summary_large_image","twitter_misc":{"Gesch\u00e4tzte Lesezeit":"1\u00a0Minute"},"schema":{"@context":"https:\/\/schema.org","@graph":[{"@type":"WebPage","@id":"https:\/\/www.bueffelridge.at\/?page_id=100","url":"https:\/\/www.bueffelridge.at\/?page_id=100","name":"Kontakt & Impressum - bueffelridge.at","isPartOf":{"@id":"https:\/\/www.bueffelridge.at\/#website"},"datePublished":"2021-01-06T17:24:58+00:00","dateModified":"2021-01-06T17:24:59+00:00","breadcrumb":{"@id":"https:\/\/www.bueffelridge.at\/?page_id=100#breadcrumb"},"inLanguage":"de","potentialAction":[{"@type":"ReadAction","target":["https:\/\/www.bueffelridge.at\/?page_id=100"]}]},{"@type":"BreadcrumbList","@id":"https:\/\/www.bueffelridge.at\/?page_id=100#breadcrumb","itemListElement":[{"@type":"ListItem","position":1,"name":"Startseite","item":"https:\/\/www.bueffelridge.at\/"},{"@type":"ListItem","position":2,"name":"Kontakt &#038; Impressum"}]},{"@type":"WebSite","@id":"https:\/\/www.bueffelridge.at\/#website","url":"https:\/\/www.bueffelridge.at\/","name":"bueffelridge.at","description":"Willkommen im buffeljagsrivier","potentialAction":[{"@type":"SearchAction","target":{"@type":"EntryPoint","urlTemplate":"https:\/\/www.bueffelridge.at\/?s={search_term_string}"},"query-input":{"@type":"PropertyValueSpecification","valueRequired":true,"valueName":"search_term_string"}}],"inLanguage":"de"}]}},"_links":{"self":[{"href":"https:\/\/www.bueffelridge.at\/index.php?rest_route=\/wp\/v2\/pages\/100","targetHints":{"allow":["GET"]}}],"collection":[{"href":"https:\/\/www.bueffelridge.at\/index.php?rest_route=\/wp\/v2\/pages"}],"about":[{"href":"https:\/\/www.bueffelridge.at\/index.php?rest_route=\/wp\/v2\/types\/page"}],"author":[{"embeddable":true,"href":"https:\/\/www.bueffelridge.at\/index.php?rest_route=\/wp\/v2\/users\/2"}],"replies":[{"embeddable":true,"href":"https:\/\/www.bueffelridge.at\/index.php?rest_route=%2Fwp%2Fv2%2Fcomments&post=100"}],"version-history":[{"count":1,"href":"https:\/\/www.bueffelridge.at\/index.php?rest_route=\/wp\/v2\/pages\/100\/revisions"}],"predecessor-version":[{"id":102,"href":"https:\/\/www.bueffelridge.at\/index.php?rest_route=\/wp\/v2\/pages\/100\/revisions\/102"}],"wp:attachment":[{"href":"https:\/\/www.bueffelridge.at\/index.php?rest_route=%2Fwp%2Fv2%2Fmedia&parent=100"}],"curies":[{"name":"wp","href":"https:\/\/api.w.org\/{rel}","templated":true}]}}